{"id":101,"date":"2026-02-21T09:38:37","date_gmt":"2026-02-21T09:38:37","guid":{"rendered":"https:\/\/www.refinebybech.dk\/?page_id=101"},"modified":"2026-02-22T12:44:40","modified_gmt":"2026-02-22T12:44:40","slug":"filler","status":"publish","type":"page","link":"https:\/\/www.refinebybech.dk\/?page_id=101","title":{"rendered":"Filler"},"content":{"rendered":"\t\t<div data-elementor-type=\"wp-page\" data-elementor-id=\"101\" class=\"elementor elementor-101\">\n\t\t\t\t<div class=\"elementor-element elementor-element-886e3d9 e-flex e-con-boxed e-con e-parent\" data-id=\"886e3d9\" data-element_type=\"container\" data-e-type=\"container\">\n\t\t\t\t\t<div class=\"e-con-inner\">\n\t\t\t\t<div class=\"elementor-element elementor-element-00dc6c2 elementor-widget elementor-widget-image\" data-id=\"00dc6c2\" data-element_type=\"widget\" data-e-type=\"widget\" data-widget_type=\"image.default\">\n\t\t\t\t\t\t\t\t\t\t\t\t\t\t\t<img fetchpriority=\"high\" decoding=\"async\" width=\"1024\" height=\"646\" src=\"https:\/\/www.refinebybech.dk\/wp-content\/uploads\/2026\/02\/IMG_1391-1024x646.jpg\" class=\"attachment-large size-large wp-image-14\" alt=\"Naturlig sk\u00f8nhed med dig i fokus\" srcset=\"https:\/\/www.refinebybech.dk\/wp-content\/uploads\/2026\/02\/IMG_1391-1024x646.jpg 1024w, https:\/\/www.refinebybech.dk\/wp-content\/uploads\/2026\/02\/IMG_1391-300x189.jpg 300w, https:\/\/www.refinebybech.dk\/wp-content\/uploads\/2026\/02\/IMG_1391-768x484.jpg 768w, https:\/\/www.refinebybech.dk\/wp-content\/uploads\/2026\/02\/IMG_1391.jpg 1169w\" sizes=\"(max-width: 1024px) 100vw, 1024px\" \/>\t\t\t\t\t\t\t\t\t\t\t\t\t\t\t<\/div>\n\t\t\t\t<div class=\"elementor-element elementor-element-444e574 elementor-widget elementor-widget-text-editor\" data-id=\"444e574\" data-element_type=\"widget\" data-e-type=\"widget\" data-widget_type=\"text-editor.default\">\n\t\t\t\t\t\t\t\t\t<p style=\"font-weight: 400;\"><strong>Hvad er filler?<\/strong><\/p>\n<p style=\"font-weight: 400;\">Filler er en klar gel, der best\u00e5r af hyaluronsyre-et stof, som allerede findes naturligt i kroppen og er med til at opretholde hudens fylde og elasticitet. Med alderen mindskes m\u00e6ngden af hyaluronsyre, hvormed huden kan miste sp\u00e6ndstighed og volume. Filler bruges f.eks til l\u00e6beforst\u00f8rrelse, kindben, hage, k\u00e6belinje, marionetlinjer og til at udglatte dybere linjer i huden.<\/p>\n<p style=\"font-weight: 400;\">\n<\/p><p style=\"font-weight: 400;\"><strong>Forl\u00f8b og resultat<\/strong><\/p>\n<p style=\"font-weight: 400;\">Filler injiceres i det \u00f8nskede omr\u00e5de, hvor det binder sig til vand og udvider v\u00e6vet med en udglattende og vitaliserende effekt. Behandlingen giver et \u00f8jeblikkeligt resultat og har en varighed p\u00e5 op til 12 m\u00e5neder, afh\u00e6ngig af faktorer som behandlingsomr\u00e5det, linjernes dybde, hudens kvalitet og den behandlede persons livsstil.<\/p>\n<p style=\"font-weight: 400;\">Det er helt normalt at opleve en smule h\u00e6velse, r\u00f8dme, et bl\u00e5 m\u00e6rker eller \u00f8mhed i dagene efter behandlingen. Alvorlige bivirkninger er meget sj\u00e6ldne og vil altid blive gennemg\u00e5et med dig ved forunders\u00f8gelsen.<\/p>\n<p style=\"font-weight: 400;\">Det er altid muligt at f\u00e5r en opf\u00f8lgning 2-4 uger efter behandlingen, hvor vi kan vurdere resultatet og justere, hvis der er behov for det.<\/p>\n<p style=\"font-weight: 400;\">\n<\/p><p style=\"font-weight: 400;\"><strong>Lovpligtig forunders\u00f8gelse\/ vigtigt at vide<\/strong><\/p>\n<p style=\"font-weight: 400;\">Inden behandlingen skal du have en lovpligtig forunders\u00f8gelse ved vores kosmetiske sygeplejerske, hvor vi taler om dine \u00f8nsker og behov, s\u00e5 du er helt tryg ved, hvad du kan forvente. Denne forunders\u00f8gelse skal finde sted minimum 48 timer f\u00f8r din behandling.<\/p>\n<p style=\"font-weight: 400;\">Filler m\u00e5 ikke udf\u00f8res p\u00e5 personer under 18 \u00e5r, gravide, ammende eller hvis du tidligere har haft en allergisk reaktion p\u00e5 filler.<\/p>\n<p style=\"font-weight: 400;\">Er du i tvivl om filler er noget for dig? Du kan altid booke en gratis og uforpligtende samtale i klinikken.<\/p>\t\t\t\t\t\t\t\t<\/div>\n\t\t\t\t\t<\/div>\n\t\t\t\t<\/div>\n\t\t<div class=\"elementor-element elementor-element-1492be8 e-flex e-con-boxed e-con e-parent\" data-id=\"1492be8\" data-element_type=\"container\" data-e-type=\"container\">\n\t\t\t\t\t<div class=\"e-con-inner\">\n\t\t\t\t\t<\/div>\n\t\t\t\t<\/div>\n\t\t<div class=\"elementor-element elementor-element-e3ddc94 e-flex e-con-boxed e-con e-parent\" data-id=\"e3ddc94\" data-element_type=\"container\" data-e-type=\"container\">\n\t\t\t\t\t<div class=\"e-con-inner\">\n\t\t\t\t<div class=\"elementor-element elementor-element-4a55bfd elementor-widget elementor-widget-text-editor\" data-id=\"4a55bfd\" data-element_type=\"widget\" data-e-type=\"widget\" data-widget_type=\"text-editor.default\">\n\t\t\t\t\t\t\t\t\t<p>Lorem ipsum dolor sit amet, consectetur adipiscing elit. Ut elit tellus, luctus nec ullamcorper mattis, pulvinar dapibus leo.<\/p>\t\t\t\t\t\t\t\t<\/div>\n\t\t\t\t\t<\/div>\n\t\t\t\t<\/div>\n\t\t\t\t<\/div>\n\t\t","protected":false},"excerpt":{"rendered":"<p>Hvad er filler? Filler er en klar gel, der best\u00e5r af hyaluronsyre-et stof, [&hellip;]<\/p>\n","protected":false},"author":1,"featured_media":0,"parent":121,"menu_order":0,"comment_status":"closed","ping_status":"closed","template":"","meta":{"footnotes":""},"class_list":["post-101","page","type-page","status-publish","hentry"],"_links":{"self":[{"href":"https:\/\/www.refinebybech.dk\/index.php?rest_route=\/wp\/v2\/pages\/101","targetHints":{"allow":["GET"]}}],"collection":[{"href":"https:\/\/www.refinebybech.dk\/index.php?rest_route=\/wp\/v2\/pages"}],"about":[{"href":"https:\/\/www.refinebybech.dk\/index.php?rest_route=\/wp\/v2\/types\/page"}],"author":[{"embeddable":true,"href":"https:\/\/www.refinebybech.dk\/index.php?rest_route=\/wp\/v2\/users\/1"}],"replies":[{"embeddable":true,"href":"https:\/\/www.refinebybech.dk\/index.php?rest_route=%2Fwp%2Fv2%2Fcomments&post=101"}],"version-history":[{"count":7,"href":"https:\/\/www.refinebybech.dk\/index.php?rest_route=\/wp\/v2\/pages\/101\/revisions"}],"predecessor-version":[{"id":213,"href":"https:\/\/www.refinebybech.dk\/index.php?rest_route=\/wp\/v2\/pages\/101\/revisions\/213"}],"up":[{"embeddable":true,"href":"https:\/\/www.refinebybech.dk\/index.php?rest_route=\/wp\/v2\/pages\/121"}],"wp:attachment":[{"href":"https:\/\/www.refinebybech.dk\/index.php?rest_route=%2Fwp%2Fv2%2Fmedia&parent=101"}],"curies":[{"name":"wp","href":"https:\/\/api.w.org\/{rel}","templated":true}]}}