{"id":142,"date":"2026-02-21T11:04:27","date_gmt":"2026-02-21T11:04:27","guid":{"rendered":"https:\/\/www.refinebybech.dk\/?page_id=142"},"modified":"2026-02-22T12:49:40","modified_gmt":"2026-02-22T12:49:40","slug":"hudforyngelse-pigment","status":"publish","type":"page","link":"https:\/\/www.refinebybech.dk\/?page_id=142","title":{"rendered":"Hudforyngelse"},"content":{"rendered":"\t\t<div data-elementor-type=\"wp-page\" data-elementor-id=\"142\" class=\"elementor elementor-142\">\n\t\t\t\t<div class=\"elementor-element elementor-element-e069e85 e-flex e-con-boxed e-con e-parent\" data-id=\"e069e85\" data-element_type=\"container\" data-e-type=\"container\">\n\t\t\t\t\t<div class=\"e-con-inner\">\n\t\t\t\t<div class=\"elementor-element elementor-element-cb414ee elementor-widget elementor-widget-image\" data-id=\"cb414ee\" data-element_type=\"widget\" data-e-type=\"widget\" data-widget_type=\"image.default\">\n\t\t\t\t\t\t\t\t\t\t\t\t\t\t\t<img fetchpriority=\"high\" decoding=\"async\" width=\"766\" height=\"1024\" src=\"https:\/\/www.refinebybech.dk\/wp-content\/uploads\/2026\/02\/IMG_1389-2-766x1024.jpg\" class=\"attachment-large size-large wp-image-32\" alt=\"\" srcset=\"https:\/\/www.refinebybech.dk\/wp-content\/uploads\/2026\/02\/IMG_1389-2-766x1024.jpg 766w, https:\/\/www.refinebybech.dk\/wp-content\/uploads\/2026\/02\/IMG_1389-2-224x300.jpg 224w, https:\/\/www.refinebybech.dk\/wp-content\/uploads\/2026\/02\/IMG_1389-2-768x1027.jpg 768w, https:\/\/www.refinebybech.dk\/wp-content\/uploads\/2026\/02\/IMG_1389-2-1149x1536.jpg 1149w, https:\/\/www.refinebybech.dk\/wp-content\/uploads\/2026\/02\/IMG_1389-2.jpg 1169w\" sizes=\"(max-width: 766px) 100vw, 766px\" \/>\t\t\t\t\t\t\t\t\t\t\t\t\t\t\t<\/div>\n\t\t\t\t\t<\/div>\n\t\t\t\t<\/div>\n\t\t<div class=\"elementor-element elementor-element-5f9cee9 e-flex e-con-boxed e-con e-parent\" data-id=\"5f9cee9\" data-element_type=\"container\" data-e-type=\"container\">\n\t\t\t\t\t<div class=\"e-con-inner\">\n\t\t\t\t<div class=\"elementor-element elementor-element-47f42fd elementor-widget elementor-widget-text-editor\" data-id=\"47f42fd\" data-element_type=\"widget\" data-e-type=\"widget\" data-widget_type=\"text-editor.default\">\n\t\t\t\t\t\t\t\t\t<p style=\"font-weight: 400;\"><strong>Hudforyngelse med Ipl<\/strong><\/p><p style=\"font-weight: 400;\">I klinikken tilbyder vi hudforyngelse med Ipl \u2013 ogs\u00e5 kaldet Skinrejuvenation \u2013 som en effektiv behandling til dig, der \u00f8nsker en mere ensartet hudtone og fornyet gl\u00f8d. Ellipse metoden anvender lys, som tr\u00e6nger ind i l\u00e6derhuden (dermis), hvor det fremkalder en let og kontrolleret inflammation. Dette stimulerer hudens egne celler til at danne kollagen og elastin. Samt fjerne eller forbedre pigmentforandringer i huden.<\/p><p style=\"font-weight: 400;\">\u00a0<\/p><p style=\"font-weight: 400;\"><strong>Forl\u00f8b og resultat<\/strong><\/p><p style=\"font-weight: 400;\">En typisk behandlingsplan best\u00e5r af 1-3 behandlinger med ca 4 ugers mellemrum. Mange vil se synlige forbedringer allerede efter f\u00f8rst behandling, men det fulde resultat ses gradvist over flere uger.<\/p><p style=\"font-weight: 400;\">\u00a0<\/p><p style=\"font-weight: 400;\"><strong>Forunders\u00f8gelse\/Vigtigt at vide<\/strong><\/p><p style=\"font-weight: 400;\">Du er altid velkommen til at komme ind til en gratis og uforpligtende vejledning hvis du har sp\u00f8rgsm\u00e5l til behandlingen.<\/p><p style=\"font-weight: 400;\">Hudforyngelse med Ipl m\u00e5 ikke udf\u00f8res p\u00e5 personer under 18 \u00e5r.<\/p><p style=\"font-weight: 400;\">Inden behandlingen m\u00e5 du ikke have dyrket sol, solarium i 30 dage og ikke brugt selvbruner 10 dage f\u00f8r behandlingen. Behandlingen kan ikke udf\u00f8res p\u00e5 m\u00f8rke hudtyper.<\/p><p style=\"font-weight: 400;\">De f\u00f8rste par dage efter behandlingen, kan huden v\u00e6ret r\u00f8d, h\u00e6vet og evt pigment vil v\u00e6re tr\u00e5dt frem(afst\u00f8des indenfor et par dage\/en uge)<\/p>\t\t\t\t\t\t\t\t<\/div>\n\t\t\t\t\t<\/div>\n\t\t\t\t<\/div>\n\t\t\t\t<\/div>\n\t\t","protected":false},"excerpt":{"rendered":"<p>Hudforyngelse med Ipl I klinikken tilbyder vi hudforyngelse med Ipl \u2013 ogs\u00e5 kaldet [&hellip;]<\/p>\n","protected":false},"author":1,"featured_media":0,"parent":121,"menu_order":0,"comment_status":"closed","ping_status":"closed","template":"","meta":{"footnotes":""},"class_list":["post-142","page","type-page","status-publish","hentry"],"_links":{"self":[{"href":"https:\/\/www.refinebybech.dk\/index.php?rest_route=\/wp\/v2\/pages\/142","targetHints":{"allow":["GET"]}}],"collection":[{"href":"https:\/\/www.refinebybech.dk\/index.php?rest_route=\/wp\/v2\/pages"}],"about":[{"href":"https:\/\/www.refinebybech.dk\/index.php?rest_route=\/wp\/v2\/types\/page"}],"author":[{"embeddable":true,"href":"https:\/\/www.refinebybech.dk\/index.php?rest_route=\/wp\/v2\/users\/1"}],"replies":[{"embeddable":true,"href":"https:\/\/www.refinebybech.dk\/index.php?rest_route=%2Fwp%2Fv2%2Fcomments&post=142"}],"version-history":[{"count":5,"href":"https:\/\/www.refinebybech.dk\/index.php?rest_route=\/wp\/v2\/pages\/142\/revisions"}],"predecessor-version":[{"id":223,"href":"https:\/\/www.refinebybech.dk\/index.php?rest_route=\/wp\/v2\/pages\/142\/revisions\/223"}],"up":[{"embeddable":true,"href":"https:\/\/www.refinebybech.dk\/index.php?rest_route=\/wp\/v2\/pages\/121"}],"wp:attachment":[{"href":"https:\/\/www.refinebybech.dk\/index.php?rest_route=%2Fwp%2Fv2%2Fmedia&parent=142"}],"curies":[{"name":"wp","href":"https:\/\/api.w.org\/{rel}","templated":true}]}}