{"id":148,"date":"2026-02-21T11:07:46","date_gmt":"2026-02-21T11:07:46","guid":{"rendered":"https:\/\/www.refinebybech.dk\/?page_id=148"},"modified":"2026-02-22T12:50:37","modified_gmt":"2026-02-22T12:50:37","slug":"yag-laser-kar-ben-haemangiom","status":"publish","type":"page","link":"https:\/\/www.refinebybech.dk\/?page_id=148","title":{"rendered":"Yag-laser\/kar p\u00e5 ben"},"content":{"rendered":"\t\t<div data-elementor-type=\"wp-page\" data-elementor-id=\"148\" class=\"elementor elementor-148\">\n\t\t\t\t<div class=\"elementor-element elementor-element-a10d3e9 e-flex e-con-boxed e-con e-parent\" data-id=\"a10d3e9\" data-element_type=\"container\" data-e-type=\"container\">\n\t\t\t\t\t<div class=\"e-con-inner\">\n\t\t\t\t<div class=\"elementor-element elementor-element-d823830 elementor-widget elementor-widget-image\" data-id=\"d823830\" data-element_type=\"widget\" data-e-type=\"widget\" data-widget_type=\"image.default\">\n\t\t\t\t\t\t\t\t\t\t\t\t\t\t\t<img fetchpriority=\"high\" decoding=\"async\" width=\"1024\" height=\"913\" src=\"https:\/\/www.refinebybech.dk\/wp-content\/uploads\/2026\/02\/IMG_1379-2-1024x913.jpg\" class=\"attachment-large size-large wp-image-23\" alt=\"\" srcset=\"https:\/\/www.refinebybech.dk\/wp-content\/uploads\/2026\/02\/IMG_1379-2-1024x913.jpg 1024w, https:\/\/www.refinebybech.dk\/wp-content\/uploads\/2026\/02\/IMG_1379-2-300x267.jpg 300w, https:\/\/www.refinebybech.dk\/wp-content\/uploads\/2026\/02\/IMG_1379-2-768x685.jpg 768w, https:\/\/www.refinebybech.dk\/wp-content\/uploads\/2026\/02\/IMG_1379-2.jpg 1169w\" sizes=\"(max-width: 1024px) 100vw, 1024px\" \/>\t\t\t\t\t\t\t\t\t\t\t\t\t\t\t<\/div>\n\t\t\t\t\t<\/div>\n\t\t\t\t<\/div>\n\t\t<div class=\"elementor-element elementor-element-b4f8375 e-flex e-con-boxed e-con e-parent\" data-id=\"b4f8375\" data-element_type=\"container\" data-e-type=\"container\">\n\t\t\t\t\t<div class=\"e-con-inner\">\n\t\t\t\t<div class=\"elementor-element elementor-element-3968df8 elementor-widget elementor-widget-text-editor\" data-id=\"3968df8\" data-element_type=\"widget\" data-e-type=\"widget\" data-widget_type=\"text-editor.default\">\n\t\t\t\t\t\t\t\t\t<p style=\"font-weight: 400;\"><strong>YAG- laser til behandling af Karspr\u00e6ngninger p\u00e5 ben og h\u00e6mangiomer( cherry spots)<\/strong><\/p><p style=\"font-weight: 400;\">\u00a0<\/p><p style=\"font-weight: 400;\">Kar p\u00e5 ben og h\u00e6mangiomer- som ogs\u00e5 kaldes kirseb\u00e6rprikker eller cherry spots, behandles med YAG-laser, hvor lyset fra laseren optages i blodets r\u00f8de farve, h\u00e6moglobin, s\u00e5 der opst\u00e5r en opvarmning i karret, hvor blodet st\u00f8rkner og karret lukker sig<\/p><p style=\"font-weight: 400;\">\u00a0<\/p><p style=\"font-weight: 400;\"><strong>Forl\u00f8b og resultat<\/strong><\/p><p style=\"font-weight: 400;\">En typisk behandlingsplan for behandling af kar p\u00e5 ben best\u00e5r af 2-4 behandlinger med ca 3 m\u00e5neders interval.<\/p><p style=\"font-weight: 400;\">Behandling af h\u00e6mangiomer best\u00e5r af 1-2 behandlinger, i mange tilf\u00e6lde vil 1 behandling v\u00e6re nok.<\/p><p style=\"font-weight: 400;\">\u00a0<\/p><p style=\"font-weight: 400;\"><strong>Forunders\u00f8gelse\/Vigtigt at vide<\/strong><\/p><p style=\"font-weight: 400;\">Du er altid velkommen til at komme ind til en gratis og uforpligtende vejledning hvis du har sp\u00f8rgsm\u00e5l til behandlingen.<\/p><p style=\"font-weight: 400;\">Behandlinger med YAG- laser m\u00e5 ikke udf\u00f8res p\u00e5 personer under 18 \u00e5r.<\/p><p style=\"font-weight: 400;\">En lille h\u00e6velse eller r\u00f8dme lige efter behandlingen kan forekomme og aftager efter et par dage.<\/p><p style=\"font-weight: 400;\">\u00a0<\/p><p style=\"font-weight: 400;\">\u00a0<\/p>\t\t\t\t\t\t\t\t<\/div>\n\t\t\t\t\t<\/div>\n\t\t\t\t<\/div>\n\t\t\t\t<\/div>\n\t\t","protected":false},"excerpt":{"rendered":"<p>YAG- laser til behandling af Karspr\u00e6ngninger p\u00e5 ben og h\u00e6mangiomer( cherry spots) \u00a0 [&hellip;]<\/p>\n","protected":false},"author":1,"featured_media":0,"parent":121,"menu_order":0,"comment_status":"closed","ping_status":"closed","template":"","meta":{"footnotes":""},"class_list":["post-148","page","type-page","status-publish","hentry"],"_links":{"self":[{"href":"https:\/\/www.refinebybech.dk\/index.php?rest_route=\/wp\/v2\/pages\/148","targetHints":{"allow":["GET"]}}],"collection":[{"href":"https:\/\/www.refinebybech.dk\/index.php?rest_route=\/wp\/v2\/pages"}],"about":[{"href":"https:\/\/www.refinebybech.dk\/index.php?rest_route=\/wp\/v2\/types\/page"}],"author":[{"embeddable":true,"href":"https:\/\/www.refinebybech.dk\/index.php?rest_route=\/wp\/v2\/users\/1"}],"replies":[{"embeddable":true,"href":"https:\/\/www.refinebybech.dk\/index.php?rest_route=%2Fwp%2Fv2%2Fcomments&post=148"}],"version-history":[{"count":5,"href":"https:\/\/www.refinebybech.dk\/index.php?rest_route=\/wp\/v2\/pages\/148\/revisions"}],"predecessor-version":[{"id":224,"href":"https:\/\/www.refinebybech.dk\/index.php?rest_route=\/wp\/v2\/pages\/148\/revisions\/224"}],"up":[{"embeddable":true,"href":"https:\/\/www.refinebybech.dk\/index.php?rest_route=\/wp\/v2\/pages\/121"}],"wp:attachment":[{"href":"https:\/\/www.refinebybech.dk\/index.php?rest_route=%2Fwp%2Fv2%2Fmedia&parent=148"}],"curies":[{"name":"wp","href":"https:\/\/api.w.org\/{rel}","templated":true}]}}