{"id":154,"date":"2026-02-21T11:09:00","date_gmt":"2026-02-21T11:09:00","guid":{"rendered":"https:\/\/www.refinebybech.dk\/?page_id=154"},"modified":"2026-02-22T12:47:42","modified_gmt":"2026-02-22T12:47:42","slug":"vitaran-skinbooster","status":"publish","type":"page","link":"https:\/\/www.refinebybech.dk\/?page_id=154","title":{"rendered":"Vitaran"},"content":{"rendered":"\t\t<div data-elementor-type=\"wp-page\" data-elementor-id=\"154\" class=\"elementor elementor-154\">\n\t\t\t\t<div class=\"elementor-element elementor-element-46314d9 e-flex e-con-boxed e-con e-parent\" data-id=\"46314d9\" data-element_type=\"container\" data-e-type=\"container\">\n\t\t\t\t\t<div class=\"e-con-inner\">\n\t\t\t\t<div class=\"elementor-element elementor-element-b487ce8 elementor-widget elementor-widget-text-editor\" data-id=\"b487ce8\" data-element_type=\"widget\" data-e-type=\"widget\" data-widget_type=\"text-editor.default\">\n\t\t\t\t\t\t\t\t\t<p style=\"font-weight: 400;\"><strong>Hvad er Vitaran?<\/strong><\/p><p style=\"font-weight: 400;\">Polynukleotider er naturlige molekyler, der stimulerer hudens fibroblaster og underst\u00f8tter produktionen af kollagen og elastin. Vitaran anvender 100% naturligt udvundet laks-DNA-fraktioner, hvilket sikre h\u00f8j renhed, effektivitet og minimal risiko for allergiske reaktioner.<\/p><p style=\"font-weight: 400;\"><strong>Forl\u00f8b\/resultat<\/strong><\/p><p style=\"font-weight: 400;\">Behandlingen udf\u00f8res med sm\u00e5, pr\u00e6cise injektioner i det \u00f8nskede omr\u00e5de. Det er en hurtig behandling, som kan give let ubehag, n\u00e5r produktet injiceres.<\/p><p style=\"font-weight: 400;\">For optimalt resultat anbefales et behandlingsforl\u00f8b p\u00e5 3 behandlinger med ca. 4 ugers interval, hvorefter der vedligeholdes 1-2 gange \u00e5rligt.<\/p><p style=\"font-weight: 400;\">Efter behandlingen kan der forekomme let h\u00e6velse, r\u00f8dme eller sm\u00e5 bl\u00e5 m\u00e6rker. Symptomerne er forbig\u00e5ende og aftager typisk inden for f\u00e5 dage.<\/p><p style=\"font-weight: 400;\">Behandlingen forbedrer hudens struktur, fugtbalance og elasticitet. Den reducerer fine linjer, porer, m\u00f8rke rander og giver en naturlig hudforyngelse uden volume\u00e6ndring.<\/p><p style=\"font-weight: 400;\">Vitaran er velegnet til styrke huden i ansigt, p\u00e5 h\u00e6nder, hals, decullete eller omkring \u00f8jnene.<\/p><p style=\"font-weight: 400;\"><strong>Forunders\u00f8gelse\/vigtigt at vide<\/strong><\/p><p style=\"font-weight: 400;\">Inden behandlingen skal du have en lovpligtig forunders\u00f8gelse ved vores kosmetiske sygeplejerske, hvor vi taler om dine \u00f8nsker og behov, s\u00e5 du er helt tryg ved, hvad du kan forvente. Denne forunders\u00f8gelse skal finde sted minimum 48 timer f\u00f8r din behandling.<\/p><p style=\"font-weight: 400;\">Vitaran m\u00e5 ikke udf\u00f8res p\u00e5 personer under 18 \u00e5r, gravide, ammende eller hvis du tidligere har haft en allergisk reaktion p\u00e5 Vitaran.<\/p><p style=\"font-weight: 400;\">Er du i tvivl om Vitaran er noget for dig? Du kan altid booke en gratis og uforpligtende samtale i klinikken.<\/p>\t\t\t\t\t\t\t\t<\/div>\n\t\t\t\t\t<\/div>\n\t\t\t\t<\/div>\n\t\t<div class=\"elementor-element elementor-element-62c6815 e-flex e-con-boxed e-con e-parent\" data-id=\"62c6815\" data-element_type=\"container\" data-e-type=\"container\">\n\t\t\t\t\t<div class=\"e-con-inner\">\n\t\t\t\t<div class=\"elementor-element elementor-element-fa0b6af elementor-widget elementor-widget-image\" data-id=\"fa0b6af\" data-element_type=\"widget\" data-e-type=\"widget\" data-widget_type=\"image.default\">\n\t\t\t\t\t\t\t\t\t\t\t\t\t\t\t<img fetchpriority=\"high\" decoding=\"async\" width=\"1024\" height=\"1024\" src=\"https:\/\/www.refinebybech.dk\/wp-content\/uploads\/2026\/02\/IMG_1507-1024x1024.jpg\" class=\"attachment-large size-large wp-image-186\" alt=\"\" srcset=\"https:\/\/www.refinebybech.dk\/wp-content\/uploads\/2026\/02\/IMG_1507-1024x1024.jpg 1024w, https:\/\/www.refinebybech.dk\/wp-content\/uploads\/2026\/02\/IMG_1507-300x300.jpg 300w, https:\/\/www.refinebybech.dk\/wp-content\/uploads\/2026\/02\/IMG_1507-150x150.jpg 150w, https:\/\/www.refinebybech.dk\/wp-content\/uploads\/2026\/02\/IMG_1507-768x769.jpg 768w, https:\/\/www.refinebybech.dk\/wp-content\/uploads\/2026\/02\/IMG_1507.jpg 1169w\" sizes=\"(max-width: 1024px) 100vw, 1024px\" \/>\t\t\t\t\t\t\t\t\t\t\t\t\t\t\t<\/div>\n\t\t\t\t\t<\/div>\n\t\t\t\t<\/div>\n\t\t\t\t<\/div>\n\t\t","protected":false},"excerpt":{"rendered":"<p>Hvad er Vitaran? Polynukleotider er naturlige molekyler, der stimulerer hudens fibroblaster og underst\u00f8tter [&hellip;]<\/p>\n","protected":false},"author":1,"featured_media":0,"parent":121,"menu_order":0,"comment_status":"closed","ping_status":"closed","template":"","meta":{"footnotes":""},"class_list":["post-154","page","type-page","status-publish","hentry"],"_links":{"self":[{"href":"https:\/\/www.refinebybech.dk\/index.php?rest_route=\/wp\/v2\/pages\/154","targetHints":{"allow":["GET"]}}],"collection":[{"href":"https:\/\/www.refinebybech.dk\/index.php?rest_route=\/wp\/v2\/pages"}],"about":[{"href":"https:\/\/www.refinebybech.dk\/index.php?rest_route=\/wp\/v2\/types\/page"}],"author":[{"embeddable":true,"href":"https:\/\/www.refinebybech.dk\/index.php?rest_route=\/wp\/v2\/users\/1"}],"replies":[{"embeddable":true,"href":"https:\/\/www.refinebybech.dk\/index.php?rest_route=%2Fwp%2Fv2%2Fcomments&post=154"}],"version-history":[{"count":11,"href":"https:\/\/www.refinebybech.dk\/index.php?rest_route=\/wp\/v2\/pages\/154\/revisions"}],"predecessor-version":[{"id":222,"href":"https:\/\/www.refinebybech.dk\/index.php?rest_route=\/wp\/v2\/pages\/154\/revisions\/222"}],"up":[{"embeddable":true,"href":"https:\/\/www.refinebybech.dk\/index.php?rest_route=\/wp\/v2\/pages\/121"}],"wp:attachment":[{"href":"https:\/\/www.refinebybech.dk\/index.php?rest_route=%2Fwp%2Fv2%2Fmedia&parent=154"}],"curies":[{"name":"wp","href":"https:\/\/api.w.org\/{rel}","templated":true}]}}