{"id":70,"date":"2026-02-15T18:23:04","date_gmt":"2026-02-15T18:23:04","guid":{"rendered":"https:\/\/www.refinebybech.dk\/?page_id=70"},"modified":"2026-03-31T11:39:58","modified_gmt":"2026-03-31T11:39:58","slug":"behandlingssteder","status":"publish","type":"page","link":"https:\/\/www.refinebybech.dk\/?page_id=70","title":{"rendered":"Behandlingssteder"},"content":{"rendered":"\t\t<div data-elementor-type=\"wp-page\" data-elementor-id=\"70\" class=\"elementor elementor-70\">\n\t\t\t\t<div class=\"elementor-element elementor-element-cf1e864 e-flex e-con-boxed e-con e-parent\" data-id=\"cf1e864\" data-element_type=\"container\" data-e-type=\"container\" data-settings=\"{&quot;background_background&quot;:&quot;gradient&quot;}\">\n\t\t\t\t\t<div class=\"e-con-inner\">\n\t\t\t\t<div class=\"elementor-element elementor-element-fca1a8c elementor-widget elementor-widget-image\" data-id=\"fca1a8c\" data-element_type=\"widget\" data-e-type=\"widget\" data-widget_type=\"image.default\">\n\t\t\t\t\t\t\t\t\t\t\t\t\t\t\t<img fetchpriority=\"high\" decoding=\"async\" width=\"1024\" height=\"474\" src=\"https:\/\/www.refinebybech.dk\/wp-content\/uploads\/2026\/03\/hudplejeklinikken-nykbing-f-mohring-ellipse-b0ccf64e-1024x474.webp\" class=\"attachment-large size-large wp-image-386\" alt=\"\" srcset=\"https:\/\/www.refinebybech.dk\/wp-content\/uploads\/2026\/03\/hudplejeklinikken-nykbing-f-mohring-ellipse-b0ccf64e-1024x474.webp 1024w, https:\/\/www.refinebybech.dk\/wp-content\/uploads\/2026\/03\/hudplejeklinikken-nykbing-f-mohring-ellipse-b0ccf64e-300x139.webp 300w, https:\/\/www.refinebybech.dk\/wp-content\/uploads\/2026\/03\/hudplejeklinikken-nykbing-f-mohring-ellipse-b0ccf64e-768x356.webp 768w, https:\/\/www.refinebybech.dk\/wp-content\/uploads\/2026\/03\/hudplejeklinikken-nykbing-f-mohring-ellipse-b0ccf64e.webp 1080w\" sizes=\"(max-width: 1024px) 100vw, 1024px\" \/>\t\t\t\t\t\t\t\t\t\t\t\t\t\t\t<\/div>\n\t\t\t\t<div class=\"elementor-element elementor-element-658b299 elementor-widget elementor-widget-heading\" data-id=\"658b299\" data-element_type=\"widget\" data-e-type=\"widget\" data-widget_type=\"heading.default\">\n\t\t\t\t\t<h2 class=\"elementor-heading-title elementor-size-default\">Hudplejeklinikken<\/h2>\t\t\t\t<\/div>\n\t\t\t\t<div class=\"elementor-element elementor-element-cee0c87 elementor-widget elementor-widget-text-editor\" data-id=\"cee0c87\" data-element_type=\"widget\" data-e-type=\"widget\" data-widget_type=\"text-editor.default\">\n\t\t\t\t\t\t\t\t\t<h4>Store Kirkestr\u00e6de 10<br \/>4800 Nyk\u00f8bing Falster<br \/>+45 54 82 82 89<\/h4>\t\t\t\t\t\t\t\t<\/div>\n\t\t\t\t<div class=\"elementor-element elementor-element-38335f1 elementor-widget elementor-widget-html\" data-id=\"38335f1\" data-element_type=\"widget\" data-e-type=\"widget\" data-widget_type=\"html.default\">\n\t\t\t\t\t<a href=\"https:\/\/www.hudplejeklinikken.dk\/\" \r\n   style=\"display:inline-block; \r\n          background:#333; \r\n          color:#fff; \r\n          padding:10px 20px; \r\n          text-decoration:none; \r\n          border-radius:5px;\">\r\n  Bes\u00f8g klinikken her\r\n<\/a>\t\t\t\t<\/div>\n\t\t\t\t\t<\/div>\n\t\t\t\t<\/div>\n\t\t<div class=\"elementor-element elementor-element-5100a94 e-flex e-con-boxed e-con e-parent\" data-id=\"5100a94\" data-element_type=\"container\" data-e-type=\"container\" data-settings=\"{&quot;background_background&quot;:&quot;gradient&quot;}\">\n\t\t\t\t\t<div class=\"e-con-inner\">\n\t\t\t\t<div class=\"elementor-element elementor-element-ee2d271 elementor-widget elementor-widget-image\" data-id=\"ee2d271\" data-element_type=\"widget\" data-e-type=\"widget\" data-widget_type=\"image.default\">\n\t\t\t\t\t\t\t\t\t\t\t\t\t\t\t<img decoding=\"async\" width=\"1024\" height=\"529\" src=\"https:\/\/www.refinebybech.dk\/wp-content\/uploads\/2026\/02\/IMG_1372-2-1024x529.jpg\" class=\"attachment-large size-large wp-image-18\" alt=\"\" srcset=\"https:\/\/www.refinebybech.dk\/wp-content\/uploads\/2026\/02\/IMG_1372-2-1024x529.jpg 1024w, https:\/\/www.refinebybech.dk\/wp-content\/uploads\/2026\/02\/IMG_1372-2-300x155.jpg 300w, https:\/\/www.refinebybech.dk\/wp-content\/uploads\/2026\/02\/IMG_1372-2-768x397.jpg 768w, https:\/\/www.refinebybech.dk\/wp-content\/uploads\/2026\/02\/IMG_1372-2.jpg 1169w\" sizes=\"(max-width: 1024px) 100vw, 1024px\" \/>\t\t\t\t\t\t\t\t\t\t\t\t\t\t\t<\/div>\n\t\t\t\t<div class=\"elementor-element elementor-element-156d02d elementor-widget elementor-widget-heading\" data-id=\"156d02d\" data-element_type=\"widget\" data-e-type=\"widget\" data-widget_type=\"heading.default\">\n\t\t\t\t\t<h2 class=\"elementor-heading-title elementor-size-default\">Hudpleje v.Louise<\/h2>\t\t\t\t<\/div>\n\t\t\t\t<div class=\"elementor-element elementor-element-e3e0e36 elementor-widget elementor-widget-text-editor\" data-id=\"e3e0e36\" data-element_type=\"widget\" data-e-type=\"widget\" data-widget_type=\"text-editor.default\">\n\t\t\t\t\t\t\t\t\t<h4>Sm\u00f8rum Nordregade 11<br \/>2765 Sm\u00f8rum<br \/>+45 51 51 61 04<\/h4>\t\t\t\t\t\t\t\t<\/div>\n\t\t\t\t<div class=\"elementor-element elementor-element-bf6d4e0 elementor-widget elementor-widget-html\" data-id=\"bf6d4e0\" data-element_type=\"widget\" data-e-type=\"widget\" data-widget_type=\"html.default\">\n\t\t\t\t\t<a href=\"https:\/\/www.stineshudpleje.dk\/\" \r\n   style=\"display:inline-block; \r\n          background:#333; \r\n          color:#fff; \r\n          padding:10px 20px; \r\n          text-decoration:none; \r\n          border-radius:5px;\">\r\n  Bes\u00f8g klinikken her\r\n<\/a>\t\t\t\t<\/div>\n\t\t\t\t\t<\/div>\n\t\t\t\t<\/div>\n\t\t<div class=\"elementor-element elementor-element-c308d39 e-flex e-con-boxed e-con e-parent\" data-id=\"c308d39\" data-element_type=\"container\" data-e-type=\"container\" data-settings=\"{&quot;background_background&quot;:&quot;gradient&quot;}\">\n\t\t\t\t\t<div class=\"e-con-inner\">\n\t\t\t\t<div class=\"elementor-element elementor-element-490532a elementor-widget elementor-widget-image\" data-id=\"490532a\" data-element_type=\"widget\" data-e-type=\"widget\" data-widget_type=\"image.default\">\n\t\t\t\t\t\t\t\t\t\t\t\t\t\t\t<img decoding=\"async\" width=\"1024\" height=\"799\" src=\"https:\/\/www.refinebybech.dk\/wp-content\/uploads\/2026\/03\/0ad751d5-1637-4eab-971c-ad68ae0d3d98-1024x799.jpg\" class=\"attachment-large size-large wp-image-382\" alt=\"\" srcset=\"https:\/\/www.refinebybech.dk\/wp-content\/uploads\/2026\/03\/0ad751d5-1637-4eab-971c-ad68ae0d3d98-1024x799.jpg 1024w, https:\/\/www.refinebybech.dk\/wp-content\/uploads\/2026\/03\/0ad751d5-1637-4eab-971c-ad68ae0d3d98-300x234.jpg 300w, https:\/\/www.refinebybech.dk\/wp-content\/uploads\/2026\/03\/0ad751d5-1637-4eab-971c-ad68ae0d3d98-768x599.jpg 768w, https:\/\/www.refinebybech.dk\/wp-content\/uploads\/2026\/03\/0ad751d5-1637-4eab-971c-ad68ae0d3d98.jpg 1169w\" sizes=\"(max-width: 1024px) 100vw, 1024px\" \/>\t\t\t\t\t\t\t\t\t\t\t\t\t\t\t<\/div>\n\t\t\t\t<div class=\"elementor-element elementor-element-5e11fc7 elementor-widget elementor-widget-heading\" data-id=\"5e11fc7\" data-element_type=\"widget\" data-e-type=\"widget\" data-widget_type=\"heading.default\">\n\t\t\t\t\t<h2 class=\"elementor-heading-title elementor-size-default\">Ro hos Anna<\/h2>\t\t\t\t<\/div>\n\t\t\t\t<div class=\"elementor-element elementor-element-f24552b elementor-widget elementor-widget-text-editor\" data-id=\"f24552b\" data-element_type=\"widget\" data-e-type=\"widget\" data-widget_type=\"text-editor.default\">\n\t\t\t\t\t\t\t\t\t<h4>\u00c5boulewarden 93A, st.tv.<br \/>8700 Horsens<br \/>+45 61 53 30 88<\/h4>\t\t\t\t\t\t\t\t<\/div>\n\t\t\t\t<div class=\"elementor-element elementor-element-7135f41 elementor-widget elementor-widget-html\" data-id=\"7135f41\" data-element_type=\"widget\" data-e-type=\"widget\" data-widget_type=\"html.default\">\n\t\t\t\t\t<a href=\"https:\/\/ro-hos-anna.dk\/\/\" \r\n   style=\"display:inline-block; \r\n          background:#333; \r\n          color:#fff; \r\n          padding:10px 20px; \r\n          text-decoration:none; \r\n          border-radius:5px;\">\r\n  Bes\u00f8g klinikken her\r\n<\/a>\t\t\t\t<\/div>\n\t\t\t\t\t<\/div>\n\t\t\t\t<\/div>\n\t\t<div class=\"elementor-element elementor-element-f0868b6 e-flex e-con-boxed e-con e-parent\" data-id=\"f0868b6\" data-element_type=\"container\" data-e-type=\"container\" data-settings=\"{&quot;background_background&quot;:&quot;gradient&quot;}\">\n\t\t\t\t\t<div class=\"e-con-inner\">\n\t\t\t\t<div class=\"elementor-element elementor-element-97e91f0 elementor-widget elementor-widget-image\" data-id=\"97e91f0\" data-element_type=\"widget\" data-e-type=\"widget\" data-widget_type=\"image.default\">\n\t\t\t\t\t\t\t\t\t\t\t\t\t\t\t<img loading=\"lazy\" decoding=\"async\" width=\"1024\" height=\"474\" src=\"https:\/\/www.refinebybech.dk\/wp-content\/uploads\/2026\/03\/hudplene-thisted-mohring-ellipse-14c6ae7e-1024x474.webp\" class=\"attachment-large size-large wp-image-377\" alt=\"\" srcset=\"https:\/\/www.refinebybech.dk\/wp-content\/uploads\/2026\/03\/hudplene-thisted-mohring-ellipse-14c6ae7e-1024x474.webp 1024w, https:\/\/www.refinebybech.dk\/wp-content\/uploads\/2026\/03\/hudplene-thisted-mohring-ellipse-14c6ae7e-300x139.webp 300w, https:\/\/www.refinebybech.dk\/wp-content\/uploads\/2026\/03\/hudplene-thisted-mohring-ellipse-14c6ae7e-768x356.webp 768w, https:\/\/www.refinebybech.dk\/wp-content\/uploads\/2026\/03\/hudplene-thisted-mohring-ellipse-14c6ae7e.webp 1080w\" sizes=\"(max-width: 1024px) 100vw, 1024px\" \/>\t\t\t\t\t\t\t\t\t\t\t\t\t\t\t<\/div>\n\t\t\t\t<div class=\"elementor-element elementor-element-0bb386b elementor-widget elementor-widget-heading\" data-id=\"0bb386b\" data-element_type=\"widget\" data-e-type=\"widget\" data-widget_type=\"heading.default\">\n\t\t\t\t\t<h2 class=\"elementor-heading-title elementor-size-default\">Hudplejen Thisted<\/h2>\t\t\t\t<\/div>\n\t\t\t\t<div class=\"elementor-element elementor-element-f2b4eb0 elementor-widget elementor-widget-text-editor\" data-id=\"f2b4eb0\" data-element_type=\"widget\" data-e-type=\"widget\" data-widget_type=\"text-editor.default\">\n\t\t\t\t\t\t\t\t\t<h4>Kirkestr\u00e6de 1, 1. sal.<br \/>7700 Thisted<br \/>+45 40 44 87 87<\/h4>\t\t\t\t\t\t\t\t<\/div>\n\t\t\t\t<div class=\"elementor-element elementor-element-280ec68 elementor-widget elementor-widget-html\" data-id=\"280ec68\" data-element_type=\"widget\" data-e-type=\"widget\" data-widget_type=\"html.default\">\n\t\t\t\t\t<a href=\"https:\/\/www.hudplejenthisted.dk\/\" \r\n   style=\"display:inline-block; \r\n          background:#333; \r\n          color:#fff; \r\n          padding:10px 20px; \r\n          text-decoration:none; \r\n          border-radius:5px;\">\r\n  Bes\u00f8g klinikken her\r\n<\/a>\t\t\t\t<\/div>\n\t\t\t\t\t<\/div>\n\t\t\t\t<\/div>\n\t\t<div class=\"elementor-element elementor-element-311f5bb e-flex e-con-boxed e-con e-parent\" data-id=\"311f5bb\" data-element_type=\"container\" data-e-type=\"container\" data-settings=\"{&quot;background_background&quot;:&quot;gradient&quot;}\">\n\t\t\t\t\t<div class=\"e-con-inner\">\n\t\t\t\t<div class=\"elementor-element elementor-element-018003a elementor-widget elementor-widget-image\" data-id=\"018003a\" data-element_type=\"widget\" data-e-type=\"widget\" data-widget_type=\"image.default\">\n\t\t\t\t\t\t\t\t\t\t\t\t\t\t\t<img loading=\"lazy\" decoding=\"async\" width=\"1024\" height=\"514\" src=\"https:\/\/www.refinebybech.dk\/wp-content\/uploads\/2026\/03\/image-b0bf139a-1.webp\" class=\"attachment-large size-large wp-image-370\" alt=\"\" srcset=\"https:\/\/www.refinebybech.dk\/wp-content\/uploads\/2026\/03\/image-b0bf139a-1.webp 1024w, https:\/\/www.refinebybech.dk\/wp-content\/uploads\/2026\/03\/image-b0bf139a-1-300x151.webp 300w, https:\/\/www.refinebybech.dk\/wp-content\/uploads\/2026\/03\/image-b0bf139a-1-768x386.webp 768w\" sizes=\"(max-width: 1024px) 100vw, 1024px\" \/>\t\t\t\t\t\t\t\t\t\t\t\t\t\t\t<\/div>\n\t\t\t\t<div class=\"elementor-element elementor-element-2be730b elementor-widget elementor-widget-heading\" data-id=\"2be730b\" data-element_type=\"widget\" data-e-type=\"widget\" data-widget_type=\"heading.default\">\n\t\t\t\t\t<h2 class=\"elementor-heading-title elementor-size-default\">Visage Hudplejeklinik<\/h2>\t\t\t\t<\/div>\n\t\t\t\t<div class=\"elementor-element elementor-element-fdda354 elementor-widget elementor-widget-text-editor\" data-id=\"fdda354\" data-element_type=\"widget\" data-e-type=\"widget\" data-widget_type=\"text-editor.default\">\n\t\t\t\t\t\t\t\t\t<h4>Vester All\u00e9 6<br \/>8000 Aarhus<br \/>+45 86 12 15 44<\/h4>\t\t\t\t\t\t\t\t<\/div>\n\t\t\t\t<div class=\"elementor-element elementor-element-e4728dc elementor-widget elementor-widget-html\" data-id=\"e4728dc\" data-element_type=\"widget\" data-e-type=\"widget\" data-widget_type=\"html.default\">\n\t\t\t\t\t<a href=\"https:\/\/visageaarhus-klinik.dk\/\" \r\n   style=\"display:inline-block; \r\n          background:#333; \r\n          color:#fff; \r\n          padding:10px 20px; \r\n          text-decoration:none; \r\n          border-radius:5px;\">\r\n  Bes\u00f8g klinikken her\r\n<\/a>\t\t\t\t<\/div>\n\t\t\t\t\t<\/div>\n\t\t\t\t<\/div>\n\t\t<div class=\"elementor-element elementor-element-0a966b3 e-flex e-con-boxed e-con e-parent\" data-id=\"0a966b3\" data-element_type=\"container\" data-e-type=\"container\" data-settings=\"{&quot;background_background&quot;:&quot;gradient&quot;}\">\n\t\t\t\t\t<div class=\"e-con-inner\">\n\t\t\t\t<div class=\"elementor-element elementor-element-9593c2c elementor-widget elementor-widget-image\" data-id=\"9593c2c\" data-element_type=\"widget\" data-e-type=\"widget\" data-widget_type=\"image.default\">\n\t\t\t\t\t\t\t\t\t\t\t\t\t\t\t<img loading=\"lazy\" decoding=\"async\" width=\"1024\" height=\"474\" src=\"https:\/\/www.refinebybech.dk\/wp-content\/uploads\/2026\/03\/stines-hudpleje-mohring-ellipse-58f04b05-1-1024x474.webp\" class=\"attachment-large size-large wp-image-361\" alt=\"\" srcset=\"https:\/\/www.refinebybech.dk\/wp-content\/uploads\/2026\/03\/stines-hudpleje-mohring-ellipse-58f04b05-1-1024x474.webp 1024w, https:\/\/www.refinebybech.dk\/wp-content\/uploads\/2026\/03\/stines-hudpleje-mohring-ellipse-58f04b05-1-300x139.webp 300w, https:\/\/www.refinebybech.dk\/wp-content\/uploads\/2026\/03\/stines-hudpleje-mohring-ellipse-58f04b05-1-768x356.webp 768w, https:\/\/www.refinebybech.dk\/wp-content\/uploads\/2026\/03\/stines-hudpleje-mohring-ellipse-58f04b05-1.webp 1080w\" sizes=\"(max-width: 1024px) 100vw, 1024px\" \/>\t\t\t\t\t\t\t\t\t\t\t\t\t\t\t<\/div>\n\t\t\t\t<div class=\"elementor-element elementor-element-4945f48 elementor-widget elementor-widget-heading\" data-id=\"4945f48\" data-element_type=\"widget\" data-e-type=\"widget\" data-widget_type=\"heading.default\">\n\t\t\t\t\t<h2 class=\"elementor-heading-title elementor-size-default\">Stines hudpleje<\/h2>\t\t\t\t<\/div>\n\t\t\t\t<div class=\"elementor-element elementor-element-11c8982 elementor-widget elementor-widget-text-editor\" data-id=\"11c8982\" data-element_type=\"widget\" data-e-type=\"widget\" data-widget_type=\"text-editor.default\">\n\t\t\t\t\t\t\t\t\t<h4>Gr\u00f8nnegade 18<br \/>7400 Herning<br \/>+45 96 66 66 36<\/h4>\t\t\t\t\t\t\t\t<\/div>\n\t\t\t\t<div class=\"elementor-element elementor-element-75dd64a elementor-widget elementor-widget-html\" data-id=\"75dd64a\" data-element_type=\"widget\" data-e-type=\"widget\" data-widget_type=\"html.default\">\n\t\t\t\t\t<a href=\"https:\/\/www.stineshudpleje.dk\/\" \r\n   style=\"display:inline-block; \r\n          background:#333; \r\n          color:#fff; \r\n          padding:10px 20px; \r\n          text-decoration:none; \r\n          border-radius:5px;\">\r\n  Bes\u00f8g klinikken her\r\n<\/a>\t\t\t\t<\/div>\n\t\t\t\t\t<\/div>\n\t\t\t\t<\/div>\n\t\t<div class=\"elementor-element elementor-element-6bdc8b3 e-flex e-con-boxed e-con e-parent\" data-id=\"6bdc8b3\" data-element_type=\"container\" data-e-type=\"container\" data-settings=\"{&quot;background_background&quot;:&quot;gradient&quot;}\">\n\t\t\t\t\t<div class=\"e-con-inner\">\n\t\t\t\t<div class=\"elementor-element elementor-element-0cf9b1b elementor-widget elementor-widget-image\" data-id=\"0cf9b1b\" data-element_type=\"widget\" data-e-type=\"widget\" data-widget_type=\"image.default\">\n\t\t\t\t\t\t\t\t\t\t\t\t\t\t\t<img loading=\"lazy\" decoding=\"async\" width=\"1024\" height=\"474\" src=\"https:\/\/www.refinebybech.dk\/wp-content\/uploads\/2026\/03\/stines-hudpleje-mohring-ellipse-58f04b05-1-1024x474.webp\" class=\"attachment-large size-large wp-image-361\" alt=\"\" srcset=\"https:\/\/www.refinebybech.dk\/wp-content\/uploads\/2026\/03\/stines-hudpleje-mohring-ellipse-58f04b05-1-1024x474.webp 1024w, https:\/\/www.refinebybech.dk\/wp-content\/uploads\/2026\/03\/stines-hudpleje-mohring-ellipse-58f04b05-1-300x139.webp 300w, https:\/\/www.refinebybech.dk\/wp-content\/uploads\/2026\/03\/stines-hudpleje-mohring-ellipse-58f04b05-1-768x356.webp 768w, https:\/\/www.refinebybech.dk\/wp-content\/uploads\/2026\/03\/stines-hudpleje-mohring-ellipse-58f04b05-1.webp 1080w\" sizes=\"(max-width: 1024px) 100vw, 1024px\" \/>\t\t\t\t\t\t\t\t\t\t\t\t\t\t\t<\/div>\n\t\t\t\t<div class=\"elementor-element elementor-element-deed1b0 elementor-widget elementor-widget-heading\" data-id=\"deed1b0\" data-element_type=\"widget\" data-e-type=\"widget\" data-widget_type=\"heading.default\">\n\t\t\t\t\t<h2 class=\"elementor-heading-title elementor-size-default\">Stines hudpleje<\/h2>\t\t\t\t<\/div>\n\t\t\t\t<div class=\"elementor-element elementor-element-cb3f21e elementor-widget elementor-widget-text-editor\" data-id=\"cb3f21e\" data-element_type=\"widget\" data-e-type=\"widget\" data-widget_type=\"text-editor.default\">\n\t\t\t\t\t\t\t\t\t<h4>Navervej 2<br \/>8600 Silkeborg<br \/>+45 96 66 66 36<\/h4>\t\t\t\t\t\t\t\t<\/div>\n\t\t\t\t<div class=\"elementor-element elementor-element-9f2eda6 elementor-widget elementor-widget-html\" data-id=\"9f2eda6\" data-element_type=\"widget\" data-e-type=\"widget\" data-widget_type=\"html.default\">\n\t\t\t\t\t<a href=\"https:\/\/www.stineshudpleje.dk\/\" \r\n   style=\"display:inline-block; \r\n          background:#333; \r\n          color:#fff; \r\n          padding:10px 20px; \r\n          text-decoration:none; \r\n          border-radius:5px;\">\r\n  Bes\u00f8g klinikken her\r\n<\/a>\t\t\t\t<\/div>\n\t\t\t\t\t<\/div>\n\t\t\t\t<\/div>\n\t\t<div class=\"elementor-element elementor-element-40ffef9 e-flex e-con-boxed e-con e-parent\" data-id=\"40ffef9\" data-element_type=\"container\" data-e-type=\"container\" data-settings=\"{&quot;background_background&quot;:&quot;gradient&quot;}\">\n\t\t\t\t\t<div class=\"e-con-inner\">\n\t\t\t\t<div class=\"elementor-element elementor-element-d39ebba elementor-widget elementor-widget-image\" data-id=\"d39ebba\" data-element_type=\"widget\" data-e-type=\"widget\" data-widget_type=\"image.default\">\n\t\t\t\t\t\t\t\t\t\t\t\t\t\t\t<img loading=\"lazy\" decoding=\"async\" width=\"1024\" height=\"511\" src=\"https:\/\/www.refinebybech.dk\/wp-content\/uploads\/2026\/03\/Marianne-bisgaard-2048x1022-1-1024x511.webp\" class=\"attachment-large size-large wp-image-363\" alt=\"\" srcset=\"https:\/\/www.refinebybech.dk\/wp-content\/uploads\/2026\/03\/Marianne-bisgaard-2048x1022-1-1024x511.webp 1024w, https:\/\/www.refinebybech.dk\/wp-content\/uploads\/2026\/03\/Marianne-bisgaard-2048x1022-1-300x150.webp 300w, https:\/\/www.refinebybech.dk\/wp-content\/uploads\/2026\/03\/Marianne-bisgaard-2048x1022-1-768x383.webp 768w, https:\/\/www.refinebybech.dk\/wp-content\/uploads\/2026\/03\/Marianne-bisgaard-2048x1022-1-1536x767.webp 1536w, https:\/\/www.refinebybech.dk\/wp-content\/uploads\/2026\/03\/Marianne-bisgaard-2048x1022-1.webp 2048w\" sizes=\"(max-width: 1024px) 100vw, 1024px\" \/>\t\t\t\t\t\t\t\t\t\t\t\t\t\t\t<\/div>\n\t\t\t\t<div class=\"elementor-element elementor-element-e5d1754 elementor-widget elementor-widget-heading\" data-id=\"e5d1754\" data-element_type=\"widget\" data-e-type=\"widget\" data-widget_type=\"heading.default\">\n\t\t\t\t\t<h2 class=\"elementor-heading-title elementor-size-default\">Marianne Bisgaard<\/h2>\t\t\t\t<\/div>\n\t\t\t\t<div class=\"elementor-element elementor-element-6013f98 elementor-widget elementor-widget-text-editor\" data-id=\"6013f98\" data-element_type=\"widget\" data-e-type=\"widget\" data-widget_type=\"text-editor.default\">\n\t\t\t\t\t\t\t\t\t<h4>Kalkbr\u00e6nderivej 5<br \/>7100 Vejle<br \/>+45 60 24 27 11<\/h4>\t\t\t\t\t\t\t\t<\/div>\n\t\t\t\t<div class=\"elementor-element elementor-element-cf5aa6d elementor-widget elementor-widget-html\" data-id=\"cf5aa6d\" data-element_type=\"widget\" data-e-type=\"widget\" data-widget_type=\"html.default\">\n\t\t\t\t\t<a href=\"https:\/\/mariannebisgaard.dk\/\" \r\n   style=\"display:inline-block; \r\n          background:#333; \r\n          color:#fff; \r\n          padding:10px 20px; \r\n          text-decoration:none; \r\n          border-radius:5px;\">\r\n  Bes\u00f8g klinikken her\r\n<\/a>\t\t\t\t<\/div>\n\t\t\t\t\t<\/div>\n\t\t\t\t<\/div>\n\t\t<div class=\"elementor-element elementor-element-e4e7baa e-flex e-con-boxed e-con e-parent\" data-id=\"e4e7baa\" data-element_type=\"container\" data-e-type=\"container\" data-settings=\"{&quot;background_background&quot;:&quot;gradient&quot;}\">\n\t\t\t\t\t<div class=\"e-con-inner\">\n\t\t\t\t<div class=\"elementor-element elementor-element-4188d6c elementor-widget elementor-widget-image\" data-id=\"4188d6c\" data-element_type=\"widget\" data-e-type=\"widget\" data-widget_type=\"image.default\">\n\t\t\t\t\t\t\t\t\t\t\t\t\t\t\t<img loading=\"lazy\" decoding=\"async\" width=\"1024\" height=\"474\" src=\"https:\/\/www.refinebybech.dk\/wp-content\/uploads\/2026\/03\/house-of-wellness-svendborg-mohring-ellipse-3ead23a3-1024x474.webp\" class=\"attachment-large size-large wp-image-391\" alt=\"\" srcset=\"https:\/\/www.refinebybech.dk\/wp-content\/uploads\/2026\/03\/house-of-wellness-svendborg-mohring-ellipse-3ead23a3-1024x474.webp 1024w, https:\/\/www.refinebybech.dk\/wp-content\/uploads\/2026\/03\/house-of-wellness-svendborg-mohring-ellipse-3ead23a3-300x139.webp 300w, https:\/\/www.refinebybech.dk\/wp-content\/uploads\/2026\/03\/house-of-wellness-svendborg-mohring-ellipse-3ead23a3-768x356.webp 768w, https:\/\/www.refinebybech.dk\/wp-content\/uploads\/2026\/03\/house-of-wellness-svendborg-mohring-ellipse-3ead23a3.webp 1080w\" sizes=\"(max-width: 1024px) 100vw, 1024px\" \/>\t\t\t\t\t\t\t\t\t\t\t\t\t\t\t<\/div>\n\t\t\t\t<div class=\"elementor-element elementor-element-d67e950 elementor-widget elementor-widget-heading\" data-id=\"d67e950\" data-element_type=\"widget\" data-e-type=\"widget\" data-widget_type=\"heading.default\">\n\t\t\t\t\t<h2 class=\"elementor-heading-title elementor-size-default\">House of Wellness<\/h2>\t\t\t\t<\/div>\n\t\t\t\t<div class=\"elementor-element elementor-element-17dcbd0 elementor-widget elementor-widget-text-editor\" data-id=\"17dcbd0\" data-element_type=\"widget\" data-e-type=\"widget\" data-widget_type=\"text-editor.default\">\n\t\t\t\t\t\t\t\t\t<h4>Bagergade 35<br \/>5700 Svendborg<br \/>+45 62 22 12 11<\/h4>\t\t\t\t\t\t\t\t<\/div>\n\t\t\t\t<div class=\"elementor-element elementor-element-f6f3137 elementor-widget elementor-widget-html\" data-id=\"f6f3137\" data-element_type=\"widget\" data-e-type=\"widget\" data-widget_type=\"html.default\">\n\t\t\t\t\t<a href=\"https:\/\/www.well-ness.dk\/\" \r\n   style=\"display:inline-block; \r\n          background:#333; \r\n          color:#fff; \r\n          padding:10px 20px; \r\n          text-decoration:none; \r\n          border-radius:5px;\">\r\n  Bes\u00f8g klinikken her\r\n<\/a>\t\t\t\t<\/div>\n\t\t\t\t\t<\/div>\n\t\t\t\t<\/div>\n\t\t\t\t<\/div>\n\t\t","protected":false},"excerpt":{"rendered":"<p>Hudplejeklinikken Store Kirkestr\u00e6de 104800 Nyk\u00f8bing Falster+45 54 82 82 89 Bes\u00f8g klinikken her [&hellip;]<\/p>\n","protected":false},"author":1,"featured_media":0,"parent":0,"menu_order":0,"comment_status":"closed","ping_status":"closed","template":"","meta":{"footnotes":""},"class_list":["post-70","page","type-page","status-publish","hentry"],"_links":{"self":[{"href":"https:\/\/www.refinebybech.dk\/index.php?rest_route=\/wp\/v2\/pages\/70","targetHints":{"allow":["GET"]}}],"collection":[{"href":"https:\/\/www.refinebybech.dk\/index.php?rest_route=\/wp\/v2\/pages"}],"about":[{"href":"https:\/\/www.refinebybech.dk\/index.php?rest_route=\/wp\/v2\/types\/page"}],"author":[{"embeddable":true,"href":"https:\/\/www.refinebybech.dk\/index.php?rest_route=\/wp\/v2\/users\/1"}],"replies":[{"embeddable":true,"href":"https:\/\/www.refinebybech.dk\/index.php?rest_route=%2Fwp%2Fv2%2Fcomments&post=70"}],"version-history":[{"count":52,"href":"https:\/\/www.refinebybech.dk\/index.php?rest_route=\/wp\/v2\/pages\/70\/revisions"}],"predecessor-version":[{"id":476,"href":"https:\/\/www.refinebybech.dk\/index.php?rest_route=\/wp\/v2\/pages\/70\/revisions\/476"}],"wp:attachment":[{"href":"https:\/\/www.refinebybech.dk\/index.php?rest_route=%2Fwp%2Fv2%2Fmedia&parent=70"}],"curies":[{"name":"wp","href":"https:\/\/api.w.org\/{rel}","templated":true}]}}