{"id":73,"date":"2026-02-15T18:23:53","date_gmt":"2026-02-15T18:23:53","guid":{"rendered":"https:\/\/www.refinebybech.dk\/?page_id=73"},"modified":"2026-03-01T16:32:53","modified_gmt":"2026-03-01T16:32:53","slug":"om-refinebybech-aps","status":"publish","type":"page","link":"https:\/\/www.refinebybech.dk\/?page_id=73","title":{"rendered":"Om RefineByBech Aps"},"content":{"rendered":"\t\t<div data-elementor-type=\"wp-page\" data-elementor-id=\"73\" class=\"elementor elementor-73\">\n\t\t\t\t<div class=\"elementor-element elementor-element-3222ae5 e-flex e-con-boxed e-con e-parent\" data-id=\"3222ae5\" data-element_type=\"container\" data-e-type=\"container\">\n\t\t\t\t\t<div class=\"e-con-inner\">\n\t\t\t\t<div class=\"elementor-element elementor-element-edb2b49 elementor-widget elementor-widget-image\" data-id=\"edb2b49\" data-element_type=\"widget\" data-e-type=\"widget\" data-widget_type=\"image.default\">\n\t\t\t\t\t\t\t\t\t\t\t\t\t\t\t<img decoding=\"async\" src=\"https:\/\/www.refinebybech.dk\/wp-content\/uploads\/elementor\/thumbs\/IMG_1535-rjs5x24r6ckcbfvfc20tbvfjrb350glmqosgmk1kgg.jpg\" title=\"Screenshot\" alt=\"Screenshot\" loading=\"lazy\" \/>\t\t\t\t\t\t\t\t\t\t\t\t\t\t\t<\/div>\n\t\t\t\t\t<\/div>\n\t\t\t\t<\/div>\n\t\t<div class=\"elementor-element elementor-element-2d72327 e-flex e-con-boxed e-con e-parent\" data-id=\"2d72327\" data-element_type=\"container\" data-e-type=\"container\">\n\t\t\t\t\t<div class=\"e-con-inner\">\n\t\t\t\t<div class=\"elementor-element elementor-element-0893b30 elementor-widget elementor-widget-text-editor\" data-id=\"0893b30\" data-element_type=\"widget\" data-e-type=\"widget\" data-widget_type=\"text-editor.default\">\n\t\t\t\t\t\t\t\t\t<p style=\"font-weight: 400;\"><strong>Om RefineByBech Aps <\/strong><\/p><p style=\"font-weight: 400;\">Mit navn er Natascha og jeg er indehaver af RefineByBech aps.<\/p><p style=\"font-weight: 400;\">Jeg blev uddannet sygeplejerske i 2007. I 2009 blev jeg uddannet kosmetisk sygeplejerske og v\u00e6ret ansat hos M\u00f8hring ellipse A\/S i over 16 \u00e5r og ligeledes v\u00e6ret medejer i 7 \u00e5r.<\/p><p style=\"font-weight: 400;\">Jeg har siden 2000 undervist l\u00e6ger og sygeplejersker i botox, filler, skinbooster samt Ipl.<\/p><p style=\"font-weight: 400;\">Jeg har specialiseret med mig i en bred vifte af kosmetiske behandlinger med fokus p\u00e5 at fremh\u00e6ve din naturlige sk\u00f8nhed og velv\u00e6re ud fra dine \u00f8nsker og behov. Jeg bestr\u00e6ber mig p\u00e5 at levere professionel, \u00e6rlig og resultatorienteret behandlinger, hvor etik, \u00e6stetik og sikkerhed er i h\u00f8js\u00e6det.<\/p><p style=\"font-weight: 400;\">Jeg samarbejder med klinikker rundt om i hele landet og tilbyder s\u00e5ledes behandlinger p\u00e5 10 klinikker i Danmark.<\/p><p style=\"font-weight: 400;\">Firmaets ansvarlige l\u00e6ge er dermatolog Flemming Andersen, som er klinikchef\/indehaver af Hudcenter M\u00f8lholm\/M\u00f8lholm privathospital og sammen sikre vi dig et h\u00f8jt fagligt niveau og en sikker behandling.<\/p><p style=\"font-weight: 400;\">\u00a0<\/p><p style=\"font-weight: 400;\">\u00a0<\/p>\t\t\t\t\t\t\t\t<\/div>\n\t\t\t\t\t<\/div>\n\t\t\t\t<\/div>\n\t\t\t\t<\/div>\n\t\t","protected":false},"excerpt":{"rendered":"<p>Om RefineByBech Aps Mit navn er Natascha og jeg er indehaver af RefineByBech [&hellip;]<\/p>\n","protected":false},"author":1,"featured_media":0,"parent":0,"menu_order":0,"comment_status":"closed","ping_status":"closed","template":"","meta":{"footnotes":""},"class_list":["post-73","page","type-page","status-publish","hentry"],"_links":{"self":[{"href":"https:\/\/www.refinebybech.dk\/index.php?rest_route=\/wp\/v2\/pages\/73","targetHints":{"allow":["GET"]}}],"collection":[{"href":"https:\/\/www.refinebybech.dk\/index.php?rest_route=\/wp\/v2\/pages"}],"about":[{"href":"https:\/\/www.refinebybech.dk\/index.php?rest_route=\/wp\/v2\/types\/page"}],"author":[{"embeddable":true,"href":"https:\/\/www.refinebybech.dk\/index.php?rest_route=\/wp\/v2\/users\/1"}],"replies":[{"embeddable":true,"href":"https:\/\/www.refinebybech.dk\/index.php?rest_route=%2Fwp%2Fv2%2Fcomments&post=73"}],"version-history":[{"count":10,"href":"https:\/\/www.refinebybech.dk\/index.php?rest_route=\/wp\/v2\/pages\/73\/revisions"}],"predecessor-version":[{"id":400,"href":"https:\/\/www.refinebybech.dk\/index.php?rest_route=\/wp\/v2\/pages\/73\/revisions\/400"}],"wp:attachment":[{"href":"https:\/\/www.refinebybech.dk\/index.php?rest_route=%2Fwp%2Fv2%2Fmedia&parent=73"}],"curies":[{"name":"wp","href":"https:\/\/api.w.org\/{rel}","templated":true}]}}